{"id":4022,"date":"2022-07-12T17:52:29","date_gmt":"2022-07-12T15:52:29","guid":{"rendered":"https:\/\/www.precura.be\/?page_id=4022"},"modified":"2022-10-13T13:05:00","modified_gmt":"2022-10-13T11:05:00","slug":"newsletter","status":"publish","type":"page","link":"https:\/\/www.precura.be\/fr\/newsletter\/","title":{"rendered":"Newsletter"},"content":{"rendered":"<p>[et_pb_section fb_built=\u00a0\u00bb1&Prime; disabled_on=\u00a0\u00bboff|off|off\u00a0\u00bb admin_label=\u00a0\u00bbBlog \u00a0\u00bb _builder_version=\u00a0\u00bb4.16&Prime; _module_preset=\u00a0\u00bbdefault\u00a0\u00bb custom_padding=\u00a0\u00bb||110px|\u00a0\u00bb da_disable_devices=\u00a0\u00bboff|off|off\u00a0\u00bb collapsed=\u00a0\u00bboff\u00a0\u00bb global_colors_info=\u00a0\u00bb{}\u00a0\u00bb da_is_popup=\u00a0\u00bboff\u00a0\u00bb da_exit_intent=\u00a0\u00bboff\u00a0\u00bb da_has_close=\u00a0\u00bbon\u00a0\u00bb da_alt_close=\u00a0\u00bboff\u00a0\u00bb da_dark_close=\u00a0\u00bboff\u00a0\u00bb da_not_modal=\u00a0\u00bbon\u00a0\u00bb da_is_singular=\u00a0\u00bboff\u00a0\u00bb da_with_loader=\u00a0\u00bboff\u00a0\u00bb da_has_shadow=\u00a0\u00bbon\u00a0\u00bb][et_pb_row _builder_version=\u00a0\u00bb4.16&Prime; _module_preset=\u00a0\u00bbdefault\u00a0\u00bb max_width=\u00a0\u00bb1440px\u00a0\u00bb hover_enabled=\u00a0\u00bb0&Prime; use_custom_width=\u00a0\u00bbon\u00a0\u00bb custom_width_px=\u00a0\u00bb1440px\u00a0\u00bb global_colors_info=\u00a0\u00bb{}\u00a0\u00bb sticky_enabled=\u00a0\u00bb0&Prime;][et_pb_column type=\u00a0\u00bb4_4&Prime; _builder_version=\u00a0\u00bb4.16&Prime; _module_preset=\u00a0\u00bbdefault\u00a0\u00bb custom_padding=\u00a0\u00bb|||\u00a0\u00bb global_colors_info=\u00a0\u00bb{}\u00a0\u00bb custom_padding__hover=\u00a0\u00bb|||\u00a0\u00bb][et_pb_blog fullwidth=\u00a0\u00bboff\u00a0\u00bb posts_number=\u00a0\u00bb9&Prime; include_categories=\u00a0\u00bb28&Prime; show_author=\u00a0\u00bboff\u00a0\u00bb show_date=\u00a0\u00bboff\u00a0\u00bb show_categories=\u00a0\u00bboff\u00a0\u00bb masonry_tile_background_color=\u00a0\u00bb#ffffff\u00a0\u00bb _builder_version=\u00a0\u00bb4.18.0&Prime; _module_preset=\u00a0\u00bbdefault\u00a0\u00bb header_level=\u00a0\u00bbh3&Prime; header_font=\u00a0\u00bb||||||||\u00a0\u00bb header_text_color=\u00a0\u00bb#000000&Prime; header_font_size=\u00a0\u00bb20px\u00a0\u00bb header_line_height=\u00a0\u00bb1.4em\u00a0\u00bb body_font=\u00a0\u00bbOpen Sans||||\u00a0\u00bb body_font_size=\u00a0\u00bb16px\u00a0\u00bb body_line_height=\u00a0\u00bb1.8em\u00a0\u00bb pagination_font=\u00a0\u00bbRoboto|700||on|||||\u00a0\u00bb pagination_text_color=\u00a0\u00bb#ffb500&Prime; pagination_font_size=\u00a0\u00bb16px\u00a0\u00bb pagination_letter_spacing=\u00a0\u00bb4px\u00a0\u00bb hover_enabled=\u00a0\u00bb0&Prime; border_color_all=\u00a0\u00bb#efefef\u00a0\u00bb border_width_all_fullwidth=\u00a0\u00bb1px\u00a0\u00bb border_color_all_fullwidth=\u00a0\u00bb#efefef\u00a0\u00bb use_border_color=\u00a0\u00bbon\u00a0\u00bb global_colors_info=\u00a0\u00bb{}\u00a0\u00bb width=\u00a0\u00bb99%\u00a0\u00bb sticky_enabled=\u00a0\u00bb0&Prime;][\/et_pb_blog][\/et_pb_column][\/et_pb_row][\/et_pb_section]<\/p>\n","protected":false},"excerpt":{"rendered":"","protected":false},"author":9,"featured_media":0,"parent":0,"menu_order":0,"comment_status":"closed","ping_status":"closed","template":"","meta":{"_et_pb_use_builder":"on","_et_pb_old_content":"","_et_gb_content_width":"","inline_featured_image":false,"footnotes":""},"class_list":["post-4022","page","type-page","status-publish","hentry"],"yoast_head":"<!-- This site is optimized with the Yoast SEO plugin v27.4 - https:\/\/yoast.com\/product\/yoast-seo-wordpress\/ -->\n<title>Newsletter - Precura<\/title>\n<meta name=\"robots\" content=\"index, follow, max-snippet:-1, max-image-preview:large, max-video-preview:-1\" \/>\n<link rel=\"canonical\" href=\"https:\/\/www.precura.be\/fr\/newsletter\/\" \/>\n<meta property=\"og:locale\" content=\"fr_FR\" \/>\n<meta property=\"og:type\" content=\"article\" \/>\n<meta property=\"og:title\" content=\"Newsletter - Precura\" \/>\n<meta property=\"og:url\" content=\"https:\/\/www.precura.be\/fr\/newsletter\/\" \/>\n<meta property=\"og:site_name\" content=\"Precura\" \/>\n<meta property=\"article:modified_time\" content=\"2022-10-13T11:05:00+00:00\" \/>\n<meta name=\"twitter:card\" content=\"summary_large_image\" \/>\n<meta name=\"twitter:label1\" content=\"Dur\u00e9e de lecture estim\u00e9e\" \/>\n\t<meta name=\"twitter:data1\" content=\"1 minute\" \/>\n<script type=\"application\/ld+json\" class=\"yoast-schema-graph\">{\"@context\":\"https:\\\/\\\/schema.org\",\"@graph\":[{\"@type\":\"WebPage\",\"@id\":\"https:\\\/\\\/www.precura.be\\\/fr\\\/newsletter\\\/\",\"url\":\"https:\\\/\\\/www.precura.be\\\/fr\\\/newsletter\\\/\",\"name\":\"Newsletter - Precura\",\"isPartOf\":{\"@id\":\"https:\\\/\\\/www.precura.be\\\/#website\"},\"datePublished\":\"2022-07-12T15:52:29+00:00\",\"dateModified\":\"2022-10-13T11:05:00+00:00\",\"breadcrumb\":{\"@id\":\"https:\\\/\\\/www.precura.be\\\/fr\\\/newsletter\\\/#breadcrumb\"},\"inLanguage\":\"fr-FR\",\"potentialAction\":[{\"@type\":\"ReadAction\",\"target\":[\"https:\\\/\\\/www.precura.be\\\/fr\\\/newsletter\\\/\"]}]},{\"@type\":\"BreadcrumbList\",\"@id\":\"https:\\\/\\\/www.precura.be\\\/fr\\\/newsletter\\\/#breadcrumb\",\"itemListElement\":[{\"@type\":\"ListItem\",\"position\":1,\"name\":\"Home\",\"item\":\"https:\\\/\\\/www.precura.be\\\/\"},{\"@type\":\"ListItem\",\"position\":2,\"name\":\"Newsletter\"}]},{\"@type\":\"WebSite\",\"@id\":\"https:\\\/\\\/www.precura.be\\\/#website\",\"url\":\"https:\\\/\\\/www.precura.be\\\/\",\"name\":\"Precura\",\"description\":\"Precura est un partenaire fiable et exp\u00e9riment\u00e9 qui propose des assurances individuelles et collectives revenu garanti aux professions lib\u00e9rales. De quoi profiter d\u2019une tranquillit\u00e9 financi\u00e8re tout au long de votre carri\u00e8re.\",\"publisher\":{\"@id\":\"https:\\\/\\\/www.precura.be\\\/#organization\"},\"potentialAction\":[{\"@type\":\"SearchAction\",\"target\":{\"@type\":\"EntryPoint\",\"urlTemplate\":\"https:\\\/\\\/www.precura.be\\\/?s={search_term_string}\"},\"query-input\":{\"@type\":\"PropertyValueSpecification\",\"valueRequired\":true,\"valueName\":\"search_term_string\"}}],\"inLanguage\":\"fr-FR\"},{\"@type\":\"Organization\",\"@id\":\"https:\\\/\\\/www.precura.be\\\/#organization\",\"name\":\"Precura\",\"url\":\"https:\\\/\\\/www.precura.be\\\/\",\"logo\":{\"@type\":\"ImageObject\",\"inLanguage\":\"fr-FR\",\"@id\":\"https:\\\/\\\/www.precura.be\\\/#\\\/schema\\\/logo\\\/image\\\/\",\"url\":\"https:\\\/\\\/www.precura.be\\\/wp-content\\\/uploads\\\/2020\\\/09\\\/Precura-logo.svg\",\"contentUrl\":\"https:\\\/\\\/www.precura.be\\\/wp-content\\\/uploads\\\/2020\\\/09\\\/Precura-logo.svg\",\"width\":142,\"height\":66,\"caption\":\"Precura\"},\"image\":{\"@id\":\"https:\\\/\\\/www.precura.be\\\/#\\\/schema\\\/logo\\\/image\\\/\"}}]}<\/script>\n<!-- \/ Yoast SEO plugin. -->","yoast_head_json":{"title":"Newsletter - Precura","robots":{"index":"index","follow":"follow","max-snippet":"max-snippet:-1","max-image-preview":"max-image-preview:large","max-video-preview":"max-video-preview:-1"},"canonical":"https:\/\/www.precura.be\/fr\/newsletter\/","og_locale":"fr_FR","og_type":"article","og_title":"Newsletter - Precura","og_url":"https:\/\/www.precura.be\/fr\/newsletter\/","og_site_name":"Precura","article_modified_time":"2022-10-13T11:05:00+00:00","twitter_card":"summary_large_image","twitter_misc":{"Dur\u00e9e de lecture estim\u00e9e":"1 minute"},"schema":{"@context":"https:\/\/schema.org","@graph":[{"@type":"WebPage","@id":"https:\/\/www.precura.be\/fr\/newsletter\/","url":"https:\/\/www.precura.be\/fr\/newsletter\/","name":"Newsletter - Precura","isPartOf":{"@id":"https:\/\/www.precura.be\/#website"},"datePublished":"2022-07-12T15:52:29+00:00","dateModified":"2022-10-13T11:05:00+00:00","breadcrumb":{"@id":"https:\/\/www.precura.be\/fr\/newsletter\/#breadcrumb"},"inLanguage":"fr-FR","potentialAction":[{"@type":"ReadAction","target":["https:\/\/www.precura.be\/fr\/newsletter\/"]}]},{"@type":"BreadcrumbList","@id":"https:\/\/www.precura.be\/fr\/newsletter\/#breadcrumb","itemListElement":[{"@type":"ListItem","position":1,"name":"Home","item":"https:\/\/www.precura.be\/"},{"@type":"ListItem","position":2,"name":"Newsletter"}]},{"@type":"WebSite","@id":"https:\/\/www.precura.be\/#website","url":"https:\/\/www.precura.be\/","name":"Precura","description":"Precura est un partenaire fiable et exp\u00e9riment\u00e9 qui propose des assurances individuelles et collectives revenu garanti aux professions lib\u00e9rales. De quoi profiter d\u2019une tranquillit\u00e9 financi\u00e8re tout au long de votre carri\u00e8re.","publisher":{"@id":"https:\/\/www.precura.be\/#organization"},"potentialAction":[{"@type":"SearchAction","target":{"@type":"EntryPoint","urlTemplate":"https:\/\/www.precura.be\/?s={search_term_string}"},"query-input":{"@type":"PropertyValueSpecification","valueRequired":true,"valueName":"search_term_string"}}],"inLanguage":"fr-FR"},{"@type":"Organization","@id":"https:\/\/www.precura.be\/#organization","name":"Precura","url":"https:\/\/www.precura.be\/","logo":{"@type":"ImageObject","inLanguage":"fr-FR","@id":"https:\/\/www.precura.be\/#\/schema\/logo\/image\/","url":"https:\/\/www.precura.be\/wp-content\/uploads\/2020\/09\/Precura-logo.svg","contentUrl":"https:\/\/www.precura.be\/wp-content\/uploads\/2020\/09\/Precura-logo.svg","width":142,"height":66,"caption":"Precura"},"image":{"@id":"https:\/\/www.precura.be\/#\/schema\/logo\/image\/"}}]}},"_links":{"self":[{"href":"https:\/\/www.precura.be\/fr\/wp-json\/wp\/v2\/pages\/4022","targetHints":{"allow":["GET"]}}],"collection":[{"href":"https:\/\/www.precura.be\/fr\/wp-json\/wp\/v2\/pages"}],"about":[{"href":"https:\/\/www.precura.be\/fr\/wp-json\/wp\/v2\/types\/page"}],"author":[{"embeddable":true,"href":"https:\/\/www.precura.be\/fr\/wp-json\/wp\/v2\/users\/9"}],"replies":[{"embeddable":true,"href":"https:\/\/www.precura.be\/fr\/wp-json\/wp\/v2\/comments?post=4022"}],"version-history":[{"count":18,"href":"https:\/\/www.precura.be\/fr\/wp-json\/wp\/v2\/pages\/4022\/revisions"}],"predecessor-version":[{"id":4161,"href":"https:\/\/www.precura.be\/fr\/wp-json\/wp\/v2\/pages\/4022\/revisions\/4161"}],"wp:attachment":[{"href":"https:\/\/www.precura.be\/fr\/wp-json\/wp\/v2\/media?parent=4022"}],"curies":[{"name":"wp","href":"https:\/\/api.w.org\/{rel}","templated":true}]}}