{"id":1611,"date":"2020-11-13T18:04:02","date_gmt":"2020-11-13T18:04:02","guid":{"rendered":"https:\/\/www.precura.be\/?page_id=1611"},"modified":"2022-01-07T17:44:18","modified_gmt":"2022-01-07T16:44:18","slug":"disability-case-manager","status":"publish","type":"page","link":"https:\/\/www.precura.be\/fr\/disability-case-manager\/","title":{"rendered":"Disability case manager"},"content":{"rendered":"<p>[et_pb_section fb_built=\u00a0\u00bb1&Prime; fullwidth=\u00a0\u00bbon\u00a0\u00bb admin_label=\u00a0\u00bbHeader-image\u00a0\u00bb module_id=\u00a0\u00bbtop-image\u00a0\u00bb _builder_version=\u00a0\u00bb4.4.2&Prime; da_disable_devices=\u00a0\u00bboff|off|off\u00a0\u00bb locked=\u00a0\u00bboff\u00a0\u00bb da_is_popup=\u00a0\u00bboff\u00a0\u00bb da_exit_intent=\u00a0\u00bboff\u00a0\u00bb da_has_close=\u00a0\u00bbon\u00a0\u00bb da_alt_close=\u00a0\u00bboff\u00a0\u00bb da_dark_close=\u00a0\u00bboff\u00a0\u00bb da_not_modal=\u00a0\u00bbon\u00a0\u00bb da_is_singular=\u00a0\u00bboff\u00a0\u00bb da_with_loader=\u00a0\u00bboff\u00a0\u00bb da_has_shadow=\u00a0\u00bbon\u00a0\u00bb][et_pb_fullwidth_image src=\u00a0\u00bbhttps:\/\/www.precura.be\/wp-content\/uploads\/2021\/11\/DCM-header.jpg\u00a0\u00bb _builder_version=\u00a0\u00bb4.4.2&Prime; hover_enabled=\u00a0\u00bb0&Prime; alt=\u00a0\u00bbVotre partenaire pendant votre r\u00e9tablissement et apr\u00e8s\u00a0\u00bb title_text=\u00a0\u00bbDisability Case Manager\u00a0\u00bb][\/et_pb_fullwidth_image][\/et_pb_section][et_pb_section fb_built=\u00a0\u00bb1&Prime; admin_label=\u00a0\u00bbSub-header-box\u00a0\u00bb module_id=\u00a0\u00bbtop-block\u00a0\u00bb _builder_version=\u00a0\u00bb4.4.2&Prime; background_color=\u00a0\u00bbrgba(0,0,0,0)\u00a0\u00bb custom_margin=\u00a0\u00bb-200px||||false|false\u00a0\u00bb custom_margin_tablet=\u00a0\u00bb-100px||||false|false\u00a0\u00bb custom_margin_phone=\u00a0\u00bb-75px||||false|false\u00a0\u00bb custom_margin_last_edited=\u00a0\u00bbon|desktop\u00a0\u00bb da_disable_devices=\u00a0\u00bboff|off|off\u00a0\u00bb da_is_popup=\u00a0\u00bboff\u00a0\u00bb da_exit_intent=\u00a0\u00bboff\u00a0\u00bb da_has_close=\u00a0\u00bbon\u00a0\u00bb da_alt_close=\u00a0\u00bboff\u00a0\u00bb da_dark_close=\u00a0\u00bboff\u00a0\u00bb da_not_modal=\u00a0\u00bbon\u00a0\u00bb da_is_singular=\u00a0\u00bboff\u00a0\u00bb da_with_loader=\u00a0\u00bboff\u00a0\u00bb da_has_shadow=\u00a0\u00bbon\u00a0\u00bb][et_pb_row module_class=\u00a0\u00bbgradient\u00a0\u00bb _builder_version=\u00a0\u00bb4.4.2&Prime; width_tablet=\u00a0\u00bb85%\u00a0\u00bb width_phone=\u00a0\u00bb\u00a0\u00bb width_last_edited=\u00a0\u00bbon|tablet\u00a0\u00bb custom_padding=\u00a0\u00bb0px|0px|0px|0px|false|false\u00a0\u00bb custom_css_main_element=\u00a0\u00bbborder-radius: 25px;\u00a0\u00bb][et_pb_column type=\u00a0\u00bb4_4&Prime; _builder_version=\u00a0\u00bb4.4.2&Prime;][et_pb_text _builder_version=\u00a0\u00bb4.4.2&Prime; text_font_size=\u00a0\u00bb16px\u00a0\u00bb header_font=\u00a0\u00bb|700|||||||\u00a0\u00bb header_font_size=\u00a0\u00bb20px\u00a0\u00bb background_color=\u00a0\u00bb#ffffff\u00a0\u00bb custom_margin=\u00a0\u00bb-20px|-20px|20px|20px|false|false\u00a0\u00bb custom_padding=\u00a0\u00bb50px|50px|30px|50px|false|false\u00a0\u00bb border_radii=\u00a0\u00bbon|25px|25px|25px|25px\u00a0\u00bb border_width_all=\u00a0\u00bb1px\u00a0\u00bb border_color_all=\u00a0\u00bb#D4D4D4&Prime;]<\/p>\n<h1>Disability Case Manager<\/h1>\n<p>Votre partenaire pendant votre r\u00e9tablissement et apr\u00e8s<\/p>\n<p>[\/et_pb_text][\/et_pb_column][\/et_pb_row][\/et_pb_section][et_pb_section fb_built=\u00a0\u00bb1&Prime; admin_label=\u00a0\u00bbtext-block\u00a0\u00bb _builder_version=\u00a0\u00bb4.4.2&Prime; da_disable_devices=\u00a0\u00bboff|off|off\u00a0\u00bb locked=\u00a0\u00bboff\u00a0\u00bb da_is_popup=\u00a0\u00bboff\u00a0\u00bb da_exit_intent=\u00a0\u00bboff\u00a0\u00bb da_has_close=\u00a0\u00bbon\u00a0\u00bb da_alt_close=\u00a0\u00bboff\u00a0\u00bb da_dark_close=\u00a0\u00bboff\u00a0\u00bb da_not_modal=\u00a0\u00bbon\u00a0\u00bb da_is_singular=\u00a0\u00bboff\u00a0\u00bb da_with_loader=\u00a0\u00bboff\u00a0\u00bb da_has_shadow=\u00a0\u00bbon\u00a0\u00bb][et_pb_row _builder_version=\u00a0\u00bb4.4.2&Prime; module_alignment=\u00a0\u00bbcenter\u00a0\u00bb custom_margin=\u00a0\u00bb||||false|false\u00a0\u00bb custom_padding=\u00a0\u00bb|5%||5%|false|false\u00a0\u00bb][et_pb_column type=\u00a0\u00bb4_4&Prime; _builder_version=\u00a0\u00bb4.4.2&Prime;][et_pb_text _builder_version=\u00a0\u00bb4.4.2&Prime; header_2_font=\u00a0\u00bb|700|||||||\u00a0\u00bb header_2_font_size=\u00a0\u00bb20px\u00a0\u00bb width=\u00a0\u00bb60%\u00a0\u00bb width_tablet=\u00a0\u00bb100%\u00a0\u00bb width_phone=\u00a0\u00bb\u00a0\u00bb width_last_edited=\u00a0\u00bbon|tablet\u00a0\u00bb custom_padding=\u00a0\u00bb|0px||0px|false|false\u00a0\u00bb custom_padding_tablet=\u00a0\u00bb|||0px|false|false\u00a0\u00bb custom_padding_phone=\u00a0\u00bb\u00a0\u00bb custom_padding_last_edited=\u00a0\u00bbon|desktop\u00a0\u00bb]<\/p>\n<h4><strong>Le Disability Case Manager, votre partenaire rassurant<\/strong><\/h4>\n<p>Les personnes en incapacit\u00e9 de travail ont besoin d&rsquo;un accompagnement th\u00e9rapeutique sur mesure. D&rsquo;autant plus dans le cas d&rsquo;un burn-out ou d&rsquo;une d\u00e9pression. C&rsquo;est pourquoi precura propose \u00e0 ses membres une solution personnalis\u00e9e et gratuite : l&rsquo;accompagnement par un Disability Case Manager (DCM).<\/p>\n<p>[\/et_pb_text][et_pb_text _builder_version=\u00a0\u00bb4.4.2&Prime; header_2_font=\u00a0\u00bb|700|||||||\u00a0\u00bb header_2_font_size=\u00a0\u00bb20px\u00a0\u00bb width=\u00a0\u00bb60%\u00a0\u00bb width_tablet=\u00a0\u00bb100%\u00a0\u00bb width_phone=\u00a0\u00bb\u00a0\u00bb width_last_edited=\u00a0\u00bbon|tablet\u00a0\u00bb custom_padding=\u00a0\u00bb|0px||0px|false|true\u00a0\u00bb custom_padding_tablet=\u00a0\u00bb|||0px|false|false\u00a0\u00bb custom_padding_phone=\u00a0\u00bb\u00a0\u00bb custom_padding_last_edited=\u00a0\u00bbon|desktop\u00a0\u00bb]<\/p>\n<h4><strong>Que signifie Disability Case Manager ?<br \/> <\/strong><\/h4>\n<p>Le Disability Case Manager de Precura vous informe et vous accompagne. Une p\u00e9riode de maladie impr\u00e9vue et prolong\u00e9e ou un accident, cela implique beaucoup de d\u00e9marches administratives et de soucis financiers. En tant que point de contact personnel, le Disability Case Manager vous assiste dans ces d\u00e9marches. Il organise un accompagnement par des partenaires professionnels, afin que vous puissiez vous concentrer pleinement sur votre r\u00e9tablissement.<\/p>\n<p>[\/et_pb_text][et_pb_text _builder_version=\u00a0\u00bb4.4.2&Prime; header_2_font=\u00a0\u00bb|700|||||||\u00a0\u00bb header_2_font_size=\u00a0\u00bb20px\u00a0\u00bb width=\u00a0\u00bb60%\u00a0\u00bb width_tablet=\u00a0\u00bb100%\u00a0\u00bb width_phone=\u00a0\u00bb\u00a0\u00bb width_last_edited=\u00a0\u00bbon|tablet\u00a0\u00bb custom_padding=\u00a0\u00bb|0px||0px|false|true\u00a0\u00bb custom_padding_tablet=\u00a0\u00bb|||0px|false|false\u00a0\u00bb custom_padding_phone=\u00a0\u00bb\u00a0\u00bb custom_padding_last_edited=\u00a0\u00bbon|desktop\u00a0\u00bb]<\/p>\n<h4><strong>Une valeur ajout\u00e9e<\/strong><\/h4>\n<p>Vous \u00eates naturellement libre d&rsquo;y faire appel, mais nous savons par exp\u00e9rience que ce soutien offre de nombreux avantages.<\/p>\n<p>[\/et_pb_text][et_pb_text _builder_version=\u00a0\u00bb4.4.2&Prime; header_2_font=\u00a0\u00bb|700|||||||\u00a0\u00bb header_2_font_size=\u00a0\u00bb20px\u00a0\u00bb width=\u00a0\u00bb60%\u00a0\u00bb width_tablet=\u00a0\u00bb100%\u00a0\u00bb width_phone=\u00a0\u00bb\u00a0\u00bb width_last_edited=\u00a0\u00bbon|tablet\u00a0\u00bb custom_padding=\u00a0\u00bb|0px||0px|false|true\u00a0\u00bb custom_padding_tablet=\u00a0\u00bb|||0px|false|false\u00a0\u00bb custom_padding_phone=\u00a0\u00bb\u00a0\u00bb custom_padding_last_edited=\u00a0\u00bbon|desktop\u00a0\u00bb]<\/p>\n<p>Si vous avez des questions ou besoin d&rsquo;un soutien administratif, n&rsquo;h\u00e9sitez pas \u00e0 contacter Filip Ringoot \u00e0 l&rsquo;adresse mail <a href=\"mailto:filip.ringoot@precura.be\"><span class=\"s2\">filip.ringoot@precura.be<\/span><\/a><\/p>\n<p>[\/et_pb_text][\/et_pb_column][\/et_pb_row][\/et_pb_section][et_pb_section fb_built=\u00a0\u00bb1&Prime; admin_label=\u00a0\u00bbAbove-footer-big\u00a0\u00bb module_id=\u00a0\u00bbbottom-block-2&Prime; _builder_version=\u00a0\u00bb4.4.2&Prime; background_color=\u00a0\u00bb#FAFAFA\u00a0\u00bb z_index=\u00a0\u00bb2&Prime; custom_margin=\u00a0\u00bb||-100px||false|false\u00a0\u00bb da_disable_devices=\u00a0\u00bboff|off|off\u00a0\u00bb locked=\u00a0\u00bboff\u00a0\u00bb da_is_popup=\u00a0\u00bboff\u00a0\u00bb da_exit_intent=\u00a0\u00bboff\u00a0\u00bb da_has_close=\u00a0\u00bbon\u00a0\u00bb da_alt_close=\u00a0\u00bboff\u00a0\u00bb da_dark_close=\u00a0\u00bboff\u00a0\u00bb da_not_modal=\u00a0\u00bbon\u00a0\u00bb da_is_singular=\u00a0\u00bboff\u00a0\u00bb da_with_loader=\u00a0\u00bboff\u00a0\u00bb da_has_shadow=\u00a0\u00bbon\u00a0\u00bb][et_pb_row module_class=\u00a0\u00bbgradient\u00a0\u00bb _builder_version=\u00a0\u00bb4.4.2&Prime; width=\u00a0\u00bb90%\u00a0\u00bb module_alignment=\u00a0\u00bbright\u00a0\u00bb custom_margin=\u00a0\u00bb|25px|||false|false\u00a0\u00bb custom_padding=\u00a0\u00bb0px|0px|0px|0px|false|false\u00a0\u00bb][et_pb_column type=\u00a0\u00bb4_4&Prime; _builder_version=\u00a0\u00bb4.4.2&Prime;][et_pb_text _builder_version=\u00a0\u00bb4.4.2&Prime; text_font_size=\u00a0\u00bb16px\u00a0\u00bb header_font=\u00a0\u00bb|700|||||||\u00a0\u00bb header_font_size=\u00a0\u00bb20px\u00a0\u00bb background_color=\u00a0\u00bb#D4D4D4&Prime; text_orientation=\u00a0\u00bbcenter\u00a0\u00bb custom_margin=\u00a0\u00bb-20px|-20px|20px|20px|false|false\u00a0\u00bb custom_padding=\u00a0\u00bb25px|50px|25px|50px|false|false\u00a0\u00bb border_width_all=\u00a0\u00bb1px\u00a0\u00bb border_color_all=\u00a0\u00bb#D4D4D4&Prime;]<a href=\"\/fr\/contact\/\"><button><span style=\"color: #0066b3 !important;\">&gt;<\/span> Contactez-nous<\/button><\/a><a href=\"\/fr\/aangifte-doen\/\"><button><span style=\"color: #0066b3 !important;\">&gt;<\/span> D\u00e9p\u00f4t d\u2019une d\u00e9claration<\/button><\/a><a href=\"\/fr\/veelgestelde-vragen\/\"><button><span style=\"color: #0066b3 !important;\">&gt;<\/span> Foire aux questions<\/button><\/a>[\/et_pb_text][\/et_pb_column][\/et_pb_row][\/et_pb_section]<\/p>\n","protected":false},"excerpt":{"rendered":"<p>Disability Case Manager Votre partenaire pendant votre r\u00e9tablissement et apr\u00e8sLe Disability Case Manager, votre partenaire rassurant Les personnes en incapacit\u00e9 de travail ont besoin d&rsquo;un accompagnement th\u00e9rapeutique sur mesure. D&rsquo;autant plus dans le cas d&rsquo;un burn-out ou d&rsquo;une d\u00e9pression. C&rsquo;est pourquoi precura propose \u00e0 ses membres une solution personnalis\u00e9e et gratuite : l&rsquo;accompagnement par un [&hellip;]<\/p>\n","protected":false},"author":9,"featured_media":0,"parent":0,"menu_order":0,"comment_status":"closed","ping_status":"closed","template":"","meta":{"_et_pb_use_builder":"on","_et_pb_old_content":"","_et_gb_content_width":"","inline_featured_image":false,"footnotes":""},"class_list":["post-1611","page","type-page","status-publish","hentry"],"yoast_head":"<!-- This site is optimized with the Yoast SEO plugin v27.4 - https:\/\/yoast.com\/product\/yoast-seo-wordpress\/ -->\n<title>Disability case manager - Precura<\/title>\n<meta name=\"robots\" content=\"index, follow, max-snippet:-1, max-image-preview:large, max-video-preview:-1\" \/>\n<link rel=\"canonical\" href=\"https:\/\/www.precura.be\/fr\/disability-case-manager\/\" \/>\n<meta property=\"og:locale\" content=\"fr_FR\" \/>\n<meta property=\"og:type\" content=\"article\" \/>\n<meta property=\"og:title\" content=\"Disability case manager - Precura\" \/>\n<meta property=\"og:description\" content=\"Disability Case Manager Votre partenaire pendant votre r\u00e9tablissement et apr\u00e8sLe Disability Case Manager, votre partenaire rassurant Les personnes en incapacit\u00e9 de travail ont besoin d&#039;un accompagnement th\u00e9rapeutique sur mesure. D&#039;autant plus dans le cas d&#039;un burn-out ou d&#039;une d\u00e9pression. C&#039;est pourquoi precura propose \u00e0 ses membres une solution personnalis\u00e9e et gratuite : l&#039;accompagnement par un [&hellip;]\" \/>\n<meta property=\"og:url\" content=\"https:\/\/www.precura.be\/fr\/disability-case-manager\/\" \/>\n<meta property=\"og:site_name\" content=\"Precura\" \/>\n<meta property=\"article:modified_time\" content=\"2022-01-07T16:44:18+00:00\" \/>\n<meta name=\"twitter:card\" content=\"summary_large_image\" \/>\n<meta name=\"twitter:label1\" content=\"Dur\u00e9e de lecture estim\u00e9e\" \/>\n\t<meta name=\"twitter:data1\" content=\"5 minutes\" \/>\n<script type=\"application\/ld+json\" class=\"yoast-schema-graph\">{\"@context\":\"https:\\\/\\\/schema.org\",\"@graph\":[{\"@type\":\"WebPage\",\"@id\":\"https:\\\/\\\/www.precura.be\\\/fr\\\/disability-case-manager\\\/\",\"url\":\"https:\\\/\\\/www.precura.be\\\/fr\\\/disability-case-manager\\\/\",\"name\":\"Disability case manager - Precura\",\"isPartOf\":{\"@id\":\"https:\\\/\\\/www.precura.be\\\/#website\"},\"datePublished\":\"2020-11-13T18:04:02+00:00\",\"dateModified\":\"2022-01-07T16:44:18+00:00\",\"breadcrumb\":{\"@id\":\"https:\\\/\\\/www.precura.be\\\/fr\\\/disability-case-manager\\\/#breadcrumb\"},\"inLanguage\":\"fr-FR\",\"potentialAction\":[{\"@type\":\"ReadAction\",\"target\":[\"https:\\\/\\\/www.precura.be\\\/fr\\\/disability-case-manager\\\/\"]}]},{\"@type\":\"BreadcrumbList\",\"@id\":\"https:\\\/\\\/www.precura.be\\\/fr\\\/disability-case-manager\\\/#breadcrumb\",\"itemListElement\":[{\"@type\":\"ListItem\",\"position\":1,\"name\":\"Home\",\"item\":\"https:\\\/\\\/www.precura.be\\\/\"},{\"@type\":\"ListItem\",\"position\":2,\"name\":\"Disability case manager\"}]},{\"@type\":\"WebSite\",\"@id\":\"https:\\\/\\\/www.precura.be\\\/#website\",\"url\":\"https:\\\/\\\/www.precura.be\\\/\",\"name\":\"Precura\",\"description\":\"Precura est un partenaire fiable et exp\u00e9riment\u00e9 qui propose des assurances individuelles et collectives revenu garanti aux professions lib\u00e9rales. De quoi profiter d\u2019une tranquillit\u00e9 financi\u00e8re tout au long de votre carri\u00e8re.\",\"publisher\":{\"@id\":\"https:\\\/\\\/www.precura.be\\\/#organization\"},\"potentialAction\":[{\"@type\":\"SearchAction\",\"target\":{\"@type\":\"EntryPoint\",\"urlTemplate\":\"https:\\\/\\\/www.precura.be\\\/?s={search_term_string}\"},\"query-input\":{\"@type\":\"PropertyValueSpecification\",\"valueRequired\":true,\"valueName\":\"search_term_string\"}}],\"inLanguage\":\"fr-FR\"},{\"@type\":\"Organization\",\"@id\":\"https:\\\/\\\/www.precura.be\\\/#organization\",\"name\":\"Precura\",\"url\":\"https:\\\/\\\/www.precura.be\\\/\",\"logo\":{\"@type\":\"ImageObject\",\"inLanguage\":\"fr-FR\",\"@id\":\"https:\\\/\\\/www.precura.be\\\/#\\\/schema\\\/logo\\\/image\\\/\",\"url\":\"https:\\\/\\\/www.precura.be\\\/wp-content\\\/uploads\\\/2020\\\/09\\\/Precura-logo.svg\",\"contentUrl\":\"https:\\\/\\\/www.precura.be\\\/wp-content\\\/uploads\\\/2020\\\/09\\\/Precura-logo.svg\",\"width\":142,\"height\":66,\"caption\":\"Precura\"},\"image\":{\"@id\":\"https:\\\/\\\/www.precura.be\\\/#\\\/schema\\\/logo\\\/image\\\/\"}}]}<\/script>\n<!-- \/ Yoast SEO plugin. -->","yoast_head_json":{"title":"Disability case manager - Precura","robots":{"index":"index","follow":"follow","max-snippet":"max-snippet:-1","max-image-preview":"max-image-preview:large","max-video-preview":"max-video-preview:-1"},"canonical":"https:\/\/www.precura.be\/fr\/disability-case-manager\/","og_locale":"fr_FR","og_type":"article","og_title":"Disability case manager - Precura","og_description":"Disability Case Manager Votre partenaire pendant votre r\u00e9tablissement et apr\u00e8sLe Disability Case Manager, votre partenaire rassurant Les personnes en incapacit\u00e9 de travail ont besoin d'un accompagnement th\u00e9rapeutique sur mesure. D'autant plus dans le cas d'un burn-out ou d'une d\u00e9pression. C'est pourquoi precura propose \u00e0 ses membres une solution personnalis\u00e9e et gratuite : l'accompagnement par un [&hellip;]","og_url":"https:\/\/www.precura.be\/fr\/disability-case-manager\/","og_site_name":"Precura","article_modified_time":"2022-01-07T16:44:18+00:00","twitter_card":"summary_large_image","twitter_misc":{"Dur\u00e9e de lecture estim\u00e9e":"5 minutes"},"schema":{"@context":"https:\/\/schema.org","@graph":[{"@type":"WebPage","@id":"https:\/\/www.precura.be\/fr\/disability-case-manager\/","url":"https:\/\/www.precura.be\/fr\/disability-case-manager\/","name":"Disability case manager - Precura","isPartOf":{"@id":"https:\/\/www.precura.be\/#website"},"datePublished":"2020-11-13T18:04:02+00:00","dateModified":"2022-01-07T16:44:18+00:00","breadcrumb":{"@id":"https:\/\/www.precura.be\/fr\/disability-case-manager\/#breadcrumb"},"inLanguage":"fr-FR","potentialAction":[{"@type":"ReadAction","target":["https:\/\/www.precura.be\/fr\/disability-case-manager\/"]}]},{"@type":"BreadcrumbList","@id":"https:\/\/www.precura.be\/fr\/disability-case-manager\/#breadcrumb","itemListElement":[{"@type":"ListItem","position":1,"name":"Home","item":"https:\/\/www.precura.be\/"},{"@type":"ListItem","position":2,"name":"Disability case manager"}]},{"@type":"WebSite","@id":"https:\/\/www.precura.be\/#website","url":"https:\/\/www.precura.be\/","name":"Precura","description":"Precura est un partenaire fiable et exp\u00e9riment\u00e9 qui propose des assurances individuelles et collectives revenu garanti aux professions lib\u00e9rales. De quoi profiter d\u2019une tranquillit\u00e9 financi\u00e8re tout au long de votre carri\u00e8re.","publisher":{"@id":"https:\/\/www.precura.be\/#organization"},"potentialAction":[{"@type":"SearchAction","target":{"@type":"EntryPoint","urlTemplate":"https:\/\/www.precura.be\/?s={search_term_string}"},"query-input":{"@type":"PropertyValueSpecification","valueRequired":true,"valueName":"search_term_string"}}],"inLanguage":"fr-FR"},{"@type":"Organization","@id":"https:\/\/www.precura.be\/#organization","name":"Precura","url":"https:\/\/www.precura.be\/","logo":{"@type":"ImageObject","inLanguage":"fr-FR","@id":"https:\/\/www.precura.be\/#\/schema\/logo\/image\/","url":"https:\/\/www.precura.be\/wp-content\/uploads\/2020\/09\/Precura-logo.svg","contentUrl":"https:\/\/www.precura.be\/wp-content\/uploads\/2020\/09\/Precura-logo.svg","width":142,"height":66,"caption":"Precura"},"image":{"@id":"https:\/\/www.precura.be\/#\/schema\/logo\/image\/"}}]}},"_links":{"self":[{"href":"https:\/\/www.precura.be\/fr\/wp-json\/wp\/v2\/pages\/1611","targetHints":{"allow":["GET"]}}],"collection":[{"href":"https:\/\/www.precura.be\/fr\/wp-json\/wp\/v2\/pages"}],"about":[{"href":"https:\/\/www.precura.be\/fr\/wp-json\/wp\/v2\/types\/page"}],"author":[{"embeddable":true,"href":"https:\/\/www.precura.be\/fr\/wp-json\/wp\/v2\/users\/9"}],"replies":[{"embeddable":true,"href":"https:\/\/www.precura.be\/fr\/wp-json\/wp\/v2\/comments?post=1611"}],"version-history":[{"count":16,"href":"https:\/\/www.precura.be\/fr\/wp-json\/wp\/v2\/pages\/1611\/revisions"}],"predecessor-version":[{"id":3357,"href":"https:\/\/www.precura.be\/fr\/wp-json\/wp\/v2\/pages\/1611\/revisions\/3357"}],"wp:attachment":[{"href":"https:\/\/www.precura.be\/fr\/wp-json\/wp\/v2\/media?parent=1611"}],"curies":[{"name":"wp","href":"https:\/\/api.w.org\/{rel}","templated":true}]}}