{"id":1173,"date":"2020-11-05T08:48:27","date_gmt":"2020-11-05T08:48:27","guid":{"rendered":"https:\/\/www.precura.be\/?page_id=1173"},"modified":"2022-01-07T16:56:18","modified_gmt":"2022-01-07T15:56:18","slug":"nos-produits","status":"publish","type":"page","link":"https:\/\/www.precura.be\/fr\/nos-produits\/","title":{"rendered":"Nos produits"},"content":{"rendered":"<p>[et_pb_section fb_built=\u00a0\u00bb1&Prime; fullwidth=\u00a0\u00bbon\u00a0\u00bb admin_label=\u00a0\u00bbHeader-image\u00a0\u00bb module_id=\u00a0\u00bbtop-image\u00a0\u00bb _builder_version=\u00a0\u00bb4.4.2&Prime; da_disable_devices=\u00a0\u00bboff|off|off\u00a0\u00bb da_is_popup=\u00a0\u00bboff\u00a0\u00bb da_exit_intent=\u00a0\u00bboff\u00a0\u00bb da_has_close=\u00a0\u00bbon\u00a0\u00bb da_alt_close=\u00a0\u00bboff\u00a0\u00bb da_dark_close=\u00a0\u00bboff\u00a0\u00bb da_not_modal=\u00a0\u00bbon\u00a0\u00bb da_is_singular=\u00a0\u00bboff\u00a0\u00bb da_with_loader=\u00a0\u00bboff\u00a0\u00bb da_has_shadow=\u00a0\u00bbon\u00a0\u00bb][et_pb_fullwidth_image src=\u00a0\u00bbhttps:\/\/www.precura.be\/wp-content\/uploads\/2020\/10\/VS-Pavlov-Precura-Beelden-Exports-for-Web-Homepage-scaled.jpg\u00a0\u00bb _builder_version=\u00a0\u00bb4.4.2&Prime; hover_enabled=\u00a0\u00bb0&Prime; alt=\u00a0\u00bbDes assurances collectives et individuelles adapt\u00e9es \u00e0 votre profession.\u00a0\u00bb title_text=\u00a0\u00bbDes assurances collectives et individuelles adapt\u00e9es \u00e0 votre profession.\u00a0\u00bb][\/et_pb_fullwidth_image][\/et_pb_section][et_pb_section fb_built=\u00a0\u00bb1&Prime; module_id=\u00a0\u00bbberoepen\u00a0\u00bb _builder_version=\u00a0\u00bb4.4.2&Prime; da_disable_devices=\u00a0\u00bboff|off|off\u00a0\u00bb locked=\u00a0\u00bboff\u00a0\u00bb da_is_popup=\u00a0\u00bboff\u00a0\u00bb da_exit_intent=\u00a0\u00bboff\u00a0\u00bb da_has_close=\u00a0\u00bbon\u00a0\u00bb da_alt_close=\u00a0\u00bboff\u00a0\u00bb da_dark_close=\u00a0\u00bboff\u00a0\u00bb da_not_modal=\u00a0\u00bbon\u00a0\u00bb da_is_singular=\u00a0\u00bboff\u00a0\u00bb da_with_loader=\u00a0\u00bboff\u00a0\u00bb da_has_shadow=\u00a0\u00bbon\u00a0\u00bb][et_pb_row _builder_version=\u00a0\u00bb4.4.2&Prime;][et_pb_column type=\u00a0\u00bb4_4&Prime; _builder_version=\u00a0\u00bb4.4.2&Prime;][et_pb_text _builder_version=\u00a0\u00bb4.4.2&Prime; header_2_font=\u00a0\u00bb|700|||||||\u00a0\u00bb header_2_font_size=\u00a0\u00bb20px\u00a0\u00bb custom_padding=\u00a0\u00bb|||70px|false|false\u00a0\u00bb custom_padding_tablet=\u00a0\u00bb|||0px|false|false\u00a0\u00bb custom_padding_phone=\u00a0\u00bb\u00a0\u00bb custom_padding_last_edited=\u00a0\u00bbon|tablet\u00a0\u00bb]<\/p>\n<h2>Des assurances collectives et individuelles adapt\u00e9es \u00e0 votre profession.<\/h2>\n<p>[\/et_pb_text][\/et_pb_column][\/et_pb_row][et_pb_row column_structure=\u00a0\u00bb1_2,1_2&Prime; use_custom_gutter=\u00a0\u00bbon\u00a0\u00bb gutter_width=\u00a0\u00bb1&Prime; make_equal=\u00a0\u00bbon\u00a0\u00bb _builder_version=\u00a0\u00bb4.4.2&Prime; width=\u00a0\u00bb85%\u00a0\u00bb custom_padding=\u00a0\u00bb||0px||false|false\u00a0\u00bb][et_pb_column type=\u00a0\u00bb1_2&Prime; _builder_version=\u00a0\u00bb4.4.2&Prime; custom_padding=\u00a0\u00bb50px|50px|50px|50px|false|false\u00a0\u00bb][et_pb_image src=\u00a0\u00bbhttps:\/\/www.precura.be\/wp-content\/uploads\/2021\/11\/foto-juridische-beroepen.jpg\u00a0\u00bb url=\u00a0\u00bbhttps:\/\/www.precura.be\/fr\/professions-juridiques\/\u00a0\u00bb _builder_version=\u00a0\u00bb4.4.2&Prime; custom_margin=\u00a0\u00bb||25px||false|false\u00a0\u00bb hover_enabled=\u00a0\u00bb0&Prime; alt=\u00a0\u00bbProfessions juridiques\u00a0\u00bb title_text=\u00a0\u00bbProfessions juridiques\u00a0\u00bb][\/et_pb_image][et_pb_text _builder_version=\u00a0\u00bb4.4.2&Prime; header_4_font=\u00a0\u00bb|700|||||||\u00a0\u00bb header_4_text_align=\u00a0\u00bbcenter\u00a0\u00bb header_4_font_size=\u00a0\u00bb16px\u00a0\u00bb custom_margin=\u00a0\u00bb25px||||false|false\u00a0\u00bb]<\/p>\n<h4>Professions juridiques<\/h4>\n<p><span>Avocat, notaire, huissier de justice ou candidat huissier ? Votre famille et vous m\u00e9ritez une tranquillit\u00e9 financi\u00e8re,\u00a0 si vous ne pouvez plus travailler suite \u00e0 une maladie ou un accident.<\/span><\/p>\n<p>[\/et_pb_text][et_pb_text module_class=\u00a0\u00bbontdek\u00a0\u00bb _builder_version=\u00a0\u00bb4.4.2&Prime; text_font=\u00a0\u00bb||||on||||\u00a0\u00bb text_font_size=\u00a0\u00bb12px\u00a0\u00bb text_orientation=\u00a0\u00bbright\u00a0\u00bb custom_margin=\u00a0\u00bb25px||||false|false\u00a0\u00bb]<a href=\"\/fr\/professions-juridiques\">D\u00e9couvrez<\/a>[\/et_pb_text][\/et_pb_column][et_pb_column type=\u00a0\u00bb1_2&Prime; module_class=\u00a0\u00bbgrey-bg\u00a0\u00bb _builder_version=\u00a0\u00bb4.4.2&Prime; custom_padding=\u00a0\u00bb50px|50px|50px|50px|false|false\u00a0\u00bb][et_pb_image src=\u00a0\u00bbhttps:\/\/www.precura.be\/wp-content\/uploads\/2021\/11\/medische-beroepen-homenieuw.jpg\u00a0\u00bb url=\u00a0\u00bbhttps:\/\/www.precura.be\/fr\/professions-medicales\/\u00a0\u00bb _builder_version=\u00a0\u00bb4.4.2&Prime; custom_margin=\u00a0\u00bb||25px||false|false\u00a0\u00bb hover_enabled=\u00a0\u00bb0&Prime; alt=\u00a0\u00bbProfessions m\u00e9dicales\u00a0\u00bb title_text=\u00a0\u00bbProfessions m\u00e9dicales\u00a0\u00bb][\/et_pb_image][et_pb_text _builder_version=\u00a0\u00bb4.4.2&Prime; header_4_font=\u00a0\u00bb|700|||||||\u00a0\u00bb header_4_text_align=\u00a0\u00bbcenter\u00a0\u00bb header_4_font_size=\u00a0\u00bb16px\u00a0\u00bb custom_margin=\u00a0\u00bb25px||||false|false\u00a0\u00bb]<\/p>\n<h4>Professions m\u00e9dicales<\/h4>\n<p>S&rsquo;engager chaque jour \u00e0 100% pour la sant\u00e9 d&rsquo;autrui peut parfois peser sur votre propre sant\u00e9. Alors offrez-vous une tranquillit\u00e9 et prot\u00e9gez vos revenus.<\/p>\n<p>[\/et_pb_text][et_pb_text module_class=\u00a0\u00bbontdek\u00a0\u00bb _builder_version=\u00a0\u00bb4.4.2&Prime; text_font=\u00a0\u00bb||||on||||\u00a0\u00bb text_font_size=\u00a0\u00bb12px\u00a0\u00bb text_orientation=\u00a0\u00bbright\u00a0\u00bb custom_margin=\u00a0\u00bb25px||||false|false\u00a0\u00bb]<a href=\"\/fr\/professions-medicales\">D\u00e9couvrez<\/a>[\/et_pb_text][\/et_pb_column][\/et_pb_row][et_pb_row column_structure=\u00a0\u00bb1_2,1_2&Prime; use_custom_gutter=\u00a0\u00bbon\u00a0\u00bb gutter_width=\u00a0\u00bb1&Prime; make_equal=\u00a0\u00bbon\u00a0\u00bb _builder_version=\u00a0\u00bb4.4.2&Prime; width=\u00a0\u00bb85%\u00a0\u00bb custom_padding=\u00a0\u00bb0px||||false|false\u00a0\u00bb][et_pb_column type=\u00a0\u00bb1_2&Prime; module_class=\u00a0\u00bbgrey-bg\u00a0\u00bb _builder_version=\u00a0\u00bb4.4.2&Prime; custom_padding=\u00a0\u00bb50px|50px|50px|50px|false|false\u00a0\u00bb][et_pb_image src=\u00a0\u00bbhttps:\/\/www.precura.be\/wp-content\/uploads\/2021\/11\/finance-beroepen-home.jpg\u00a0\u00bb url=\u00a0\u00bbhttps:\/\/www.precura.be\/fr\/professions-financieres\/\u00a0\u00bb _builder_version=\u00a0\u00bb4.4.2&Prime; custom_margin=\u00a0\u00bb||25px||false|false\u00a0\u00bb hover_enabled=\u00a0\u00bb0&Prime; alt=\u00a0\u00bbProfessions financi\u00e8res\u00a0\u00bb title_text=\u00a0\u00bbProfessions financi\u00e8res\u00a0\u00bb][\/et_pb_image][et_pb_text _builder_version=\u00a0\u00bb4.4.2&Prime; header_4_font=\u00a0\u00bb|700|||||||\u00a0\u00bb header_4_text_align=\u00a0\u00bbcenter\u00a0\u00bb header_4_font_size=\u00a0\u00bb16px\u00a0\u00bb custom_margin=\u00a0\u00bb25px||||false|false\u00a0\u00bb]<\/p>\n<h4>Professions financi\u00e8res<\/h4>\n<p><span>En tant qu\u2019expert financier, vous connaissez mieux que quiconque l\u2019importance\u00a0<\/span><span style=\"font-size: 16px;\">d&rsquo;une s<\/span><span>\u00e9curit\u00e9 financi\u00e8re et d&rsquo;un revenu garanti.<\/span><\/p>\n<p>[\/et_pb_text][et_pb_text module_class=\u00a0\u00bbontdek\u00a0\u00bb _builder_version=\u00a0\u00bb4.4.2&Prime; text_font=\u00a0\u00bb||||on||||\u00a0\u00bb text_font_size=\u00a0\u00bb12px\u00a0\u00bb text_orientation=\u00a0\u00bbright\u00a0\u00bb custom_margin=\u00a0\u00bb25px||||false|false\u00a0\u00bb]<a href=\"fr\/professions-financieres\">D\u00e9couvrez<\/a>[\/et_pb_text][\/et_pb_column][et_pb_column type=\u00a0\u00bb1_2&Prime; _builder_version=\u00a0\u00bb4.4.2&Prime; custom_padding=\u00a0\u00bb50px|50px|50px|50px|false|false\u00a0\u00bb][et_pb_image src=\u00a0\u00bbhttps:\/\/www.precura.be\/wp-content\/uploads\/2021\/11\/vrije-beroepen-home.jpg\u00a0\u00bb url=\u00a0\u00bbhttps:\/\/www.precura.be\/fr\/professions-liberales\/\u00a0\u00bb _builder_version=\u00a0\u00bb4.4.2&Prime; custom_margin=\u00a0\u00bb||25px||false|false\u00a0\u00bb hover_enabled=\u00a0\u00bb0&Prime; alt=\u00a0\u00bbProfessions lib\u00e9rales\u00a0\u00bb title_text=\u00a0\u00bbProfessions lib\u00e9rales\u00a0\u00bb][\/et_pb_image][et_pb_text _builder_version=\u00a0\u00bb4.4.2&Prime; header_4_font=\u00a0\u00bb|700|||||||\u00a0\u00bb header_4_text_align=\u00a0\u00bbcenter\u00a0\u00bb header_4_font_size=\u00a0\u00bb16px\u00a0\u00bb custom_margin=\u00a0\u00bb25px||||false|false\u00a0\u00bb]<\/p>\n<h4>Professions lib\u00e9rales<\/h4>\n<p><span>Chaque jour, vous donnez le meilleur de vous-m\u00eame, mais parfois, il y a des impr\u00e9vus. Vous \u00eates en incapacit\u00e9 de travail prolong\u00e9e ? Vous avez travaill\u00e9 dur, vous m\u00e9ritez un revenu garanti.<\/span><\/p>\n<p>[\/et_pb_text][et_pb_text module_class=\u00a0\u00bbontdek\u00a0\u00bb _builder_version=\u00a0\u00bb4.4.2&Prime; text_font=\u00a0\u00bb||||on||||\u00a0\u00bb text_font_size=\u00a0\u00bb12px\u00a0\u00bb text_orientation=\u00a0\u00bbright\u00a0\u00bb custom_margin=\u00a0\u00bb25px||||false|false\u00a0\u00bb]<a href=\"\/fr\/professions-liberales\/\">D\u00e9couvrez<\/a>[\/et_pb_text][\/et_pb_column][\/et_pb_row][\/et_pb_section]<\/p>\n","protected":false},"excerpt":{"rendered":"<p>Des assurances collectives et individuelles adapt\u00e9es \u00e0 votre profession.Professions juridiques Avocat, notaire, huissier de justice ou candidat huissier ? Votre famille et vous m\u00e9ritez une tranquillit\u00e9 financi\u00e8re,\u00a0 si vous ne pouvez plus travailler suite \u00e0 une maladie ou un accident.D\u00e9couvrezProfessions m\u00e9dicales S&rsquo;engager chaque jour \u00e0 100% pour la sant\u00e9 d&rsquo;autrui peut parfois peser sur votre [&hellip;]<\/p>\n","protected":false},"author":9,"featured_media":0,"parent":0,"menu_order":0,"comment_status":"closed","ping_status":"closed","template":"","meta":{"_et_pb_use_builder":"on","_et_pb_old_content":"[et_pb_section fb_built=\"1\" fullwidth=\"on\" admin_label=\"Header-image\" module_id=\"top-image\" _builder_version=\"4.4.2\" hover_enabled=\"0\" da_disable_devices=\"off|off|off\" da_is_popup=\"off\" da_exit_intent=\"off\" da_has_close=\"on\" da_alt_close=\"off\" da_dark_close=\"off\" da_not_modal=\"on\" da_is_singular=\"off\" da_with_loader=\"off\" da_has_shadow=\"on\"][et_pb_fullwidth_image src=\"https:\/\/www.precura.be\/wp-content\/uploads\/2020\/10\/VS-Pavlov-Precura-Beelden-Exports-for-Web-Homepage-scaled.jpg\" _builder_version=\"4.4.2\" hover_enabled=\"0\"][\/et_pb_fullwidth_image][\/et_pb_section][et_pb_section fb_built=\"1\" module_id=\"beroepen\" _builder_version=\"4.4.2\" da_disable_devices=\"off|off|off\" locked=\"off\" da_is_popup=\"off\" da_exit_intent=\"off\" da_has_close=\"on\" da_alt_close=\"off\" da_dark_close=\"off\" da_not_modal=\"on\" da_is_singular=\"off\" da_with_loader=\"off\" da_has_shadow=\"on\"][et_pb_row _builder_version=\"4.4.2\"][et_pb_column type=\"4_4\" _builder_version=\"4.4.2\"][et_pb_text _builder_version=\"4.4.2\" header_2_font=\"|700|||||||\" header_2_font_size=\"20px\" custom_padding=\"|||70px|false|false\" custom_padding_tablet=\"|||0px|false|false\" custom_padding_phone=\"\" custom_padding_last_edited=\"on|tablet\" hover_enabled=\"0\"]<h2>Collectieve en individuele Verzekeringen op maat voor jouw vrij beroep.<\/h2>[\/et_pb_text][\/et_pb_column][\/et_pb_row][et_pb_row column_structure=\"1_2,1_2\" use_custom_gutter=\"on\" gutter_width=\"1\" make_equal=\"on\" _builder_version=\"4.4.2\" width=\"85%\" custom_padding=\"||0px||false|false\"][et_pb_column type=\"1_2\" _builder_version=\"4.4.2\" custom_padding=\"50px|50px|50px|50px|false|false\"][et_pb_image src=\"https:\/\/www.precura.be\/wp-content\/uploads\/2020\/09\/foto-juridische-beroepen.jpg\" url=\"\/juridische-beroepen\/\" _builder_version=\"4.4.2\" custom_margin=\"||25px||false|false\"][\/et_pb_image][et_pb_text _builder_version=\"4.4.2\" header_4_font=\"|700|||||||\" header_4_text_align=\"center\" header_4_font_size=\"16px\" custom_margin=\"25px||||false|false\"]<h4>Juridische beroepen<\/h4>\r\n\r\nAdvocaat, notaris, deurwaarder of kandidaat-deurwaarder? Jij en je gezin verdienen financi\u00eble gemoedsrust, ook wanneer je niet meer kan werken door ziekte of een ongeval.[\/et_pb_text][et_pb_text module_class=\"ontdek\" _builder_version=\"4.4.2\" text_font=\"||||on||||\" text_font_size=\"12px\" text_orientation=\"right\" custom_margin=\"25px||||false|false\"]<a href=\"\/juridische-beroepen\/\">Ontdek<\/a>[\/et_pb_text][\/et_pb_column][et_pb_column type=\"1_2\" module_class=\"grey-bg\" _builder_version=\"4.4.2\" custom_padding=\"50px|50px|50px|50px|false|false\"][et_pb_image src=\"https:\/\/www.precura.be\/wp-content\/uploads\/2020\/09\/foto-medische-beroepen.jpg\" url=\"\/medische-beroepen\/\" _builder_version=\"4.4.2\" custom_margin=\"||25px||false|false\"][\/et_pb_image][et_pb_text _builder_version=\"4.4.2\" header_4_font=\"|700|||||||\" header_4_text_align=\"center\" header_4_font_size=\"16px\" custom_margin=\"25px||||false|false\"]<h4>Medische beroepen<\/h4>\r\n\r\nJe dagelijks 100% inzetten voor de zorg van anderen kan weleens doorwegen. Draag dus ook zorg voor je eigen gemoedsrust en bescherm je inkomen.[\/et_pb_text][et_pb_text module_class=\"ontdek\" _builder_version=\"4.4.2\" text_font=\"||||on||||\" text_font_size=\"12px\" text_orientation=\"right\" custom_margin=\"25px||||false|false\"]<a href=\"\/medische-beroepen\/\">Ontdek<\/a>[\/et_pb_text][\/et_pb_column][\/et_pb_row][et_pb_row column_structure=\"1_2,1_2\" use_custom_gutter=\"on\" gutter_width=\"1\" make_equal=\"on\" _builder_version=\"4.4.2\" width=\"85%\" custom_padding=\"0px||||false|false\"][et_pb_column type=\"1_2\" module_class=\"grey-bg\" _builder_version=\"4.4.2\" custom_padding=\"50px|50px|50px|50px|false|false\"][et_pb_image src=\"https:\/\/www.precura.be\/wp-content\/uploads\/2020\/09\/foto-financiele-beroepen.jpg\" url=\"\/financiele-beroepen\/\" _builder_version=\"4.4.2\" custom_margin=\"||25px||false|false\"][\/et_pb_image][et_pb_text _builder_version=\"4.4.2\" header_4_font=\"|700|||||||\" header_4_text_align=\"center\" header_4_font_size=\"16px\" custom_margin=\"25px||||false|false\"]<h4>Financi\u00eble beroepen<\/h4>\r\n\r\nAls financieel expert ken je als geen ander het belang van een gewaarborgd inkomen. Jij focust op jouw core business, wij geven je financi\u00eble zekerheid. Een leven lang.[\/et_pb_text][et_pb_text module_class=\"ontdek\" _builder_version=\"4.4.2\" text_font=\"||||on||||\" text_font_size=\"12px\" text_orientation=\"right\" custom_margin=\"25px||||false|false\"]<a href=\"\/financiele-beroepen\/\">Ontdek<\/a>[\/et_pb_text][\/et_pb_column][et_pb_column type=\"1_2\" _builder_version=\"4.4.2\" custom_padding=\"50px|50px|50px|50px|false|false\"][et_pb_image src=\"https:\/\/www.precura.be\/wp-content\/uploads\/2020\/09\/foto-vrije-beroepen.jpg\" url=\"\/vrije-beroepen\/\" _builder_version=\"4.4.2\" custom_margin=\"||25px||false|false\"][\/et_pb_image][et_pb_text _builder_version=\"4.4.2\" header_4_font=\"|700|||||||\" header_4_text_align=\"center\" header_4_font_size=\"16px\" custom_margin=\"25px||||false|false\"]<h4>Vrije beroepen<\/h4>\r\n\r\nAlle dagen geef je het beste van jezelf, maar sommige dingen gebeuren onverwachts. Langere tijd arbeidsongeschikt? Dat harde werk hoeft niet voor niets te zijn dankzij een gewaarborgd inkomen.[\/et_pb_text][et_pb_text module_class=\"ontdek\" _builder_version=\"4.4.2\" text_font=\"||||on||||\" text_font_size=\"12px\" text_orientation=\"right\" custom_margin=\"25px||||false|false\"]<a href=\"\/vrije-beroepen\/\">Ontdek<\/a>[\/et_pb_text][\/et_pb_column][\/et_pb_row][\/et_pb_section]","_et_gb_content_width":"","inline_featured_image":false,"footnotes":""},"class_list":["post-1173","page","type-page","status-publish","hentry"],"yoast_head":"<!-- This site is optimized with the Yoast SEO plugin v27.4 - https:\/\/yoast.com\/product\/yoast-seo-wordpress\/ -->\n<title>Nos produits - Precura<\/title>\n<meta name=\"robots\" content=\"index, follow, max-snippet:-1, max-image-preview:large, max-video-preview:-1\" \/>\n<link rel=\"canonical\" href=\"https:\/\/www.precura.be\/fr\/nos-produits\/\" \/>\n<meta property=\"og:locale\" content=\"fr_FR\" \/>\n<meta property=\"og:type\" content=\"article\" \/>\n<meta property=\"og:title\" content=\"Nos produits - Precura\" \/>\n<meta property=\"og:description\" content=\"Des assurances collectives et individuelles adapt\u00e9es \u00e0 votre profession.Professions juridiques Avocat, notaire, huissier de justice ou candidat huissier ? Votre famille et vous m\u00e9ritez une tranquillit\u00e9 financi\u00e8re,\u00a0 si vous ne pouvez plus travailler suite \u00e0 une maladie ou un accident.D\u00e9couvrezProfessions m\u00e9dicales S&#039;engager chaque jour \u00e0 100% pour la sant\u00e9 d&#039;autrui peut parfois peser sur votre [&hellip;]\" \/>\n<meta property=\"og:url\" content=\"https:\/\/www.precura.be\/fr\/nos-produits\/\" \/>\n<meta property=\"og:site_name\" content=\"Precura\" \/>\n<meta property=\"article:modified_time\" content=\"2022-01-07T15:56:18+00:00\" \/>\n<meta name=\"twitter:card\" content=\"summary_large_image\" \/>\n<meta name=\"twitter:label1\" content=\"Dur\u00e9e de lecture estim\u00e9e\" \/>\n\t<meta name=\"twitter:data1\" content=\"4 minutes\" \/>\n<script type=\"application\/ld+json\" class=\"yoast-schema-graph\">{\"@context\":\"https:\\\/\\\/schema.org\",\"@graph\":[{\"@type\":\"WebPage\",\"@id\":\"https:\\\/\\\/www.precura.be\\\/fr\\\/nos-produits\\\/\",\"url\":\"https:\\\/\\\/www.precura.be\\\/fr\\\/nos-produits\\\/\",\"name\":\"Nos produits - Precura\",\"isPartOf\":{\"@id\":\"https:\\\/\\\/www.precura.be\\\/#website\"},\"datePublished\":\"2020-11-05T08:48:27+00:00\",\"dateModified\":\"2022-01-07T15:56:18+00:00\",\"breadcrumb\":{\"@id\":\"https:\\\/\\\/www.precura.be\\\/fr\\\/nos-produits\\\/#breadcrumb\"},\"inLanguage\":\"fr-FR\",\"potentialAction\":[{\"@type\":\"ReadAction\",\"target\":[\"https:\\\/\\\/www.precura.be\\\/fr\\\/nos-produits\\\/\"]}]},{\"@type\":\"BreadcrumbList\",\"@id\":\"https:\\\/\\\/www.precura.be\\\/fr\\\/nos-produits\\\/#breadcrumb\",\"itemListElement\":[{\"@type\":\"ListItem\",\"position\":1,\"name\":\"Home\",\"item\":\"https:\\\/\\\/www.precura.be\\\/\"},{\"@type\":\"ListItem\",\"position\":2,\"name\":\"Nos produits\"}]},{\"@type\":\"WebSite\",\"@id\":\"https:\\\/\\\/www.precura.be\\\/#website\",\"url\":\"https:\\\/\\\/www.precura.be\\\/\",\"name\":\"Precura\",\"description\":\"Precura est un partenaire fiable et exp\u00e9riment\u00e9 qui propose des assurances individuelles et collectives revenu garanti aux professions lib\u00e9rales. De quoi profiter d\u2019une tranquillit\u00e9 financi\u00e8re tout au long de votre carri\u00e8re.\",\"publisher\":{\"@id\":\"https:\\\/\\\/www.precura.be\\\/#organization\"},\"potentialAction\":[{\"@type\":\"SearchAction\",\"target\":{\"@type\":\"EntryPoint\",\"urlTemplate\":\"https:\\\/\\\/www.precura.be\\\/?s={search_term_string}\"},\"query-input\":{\"@type\":\"PropertyValueSpecification\",\"valueRequired\":true,\"valueName\":\"search_term_string\"}}],\"inLanguage\":\"fr-FR\"},{\"@type\":\"Organization\",\"@id\":\"https:\\\/\\\/www.precura.be\\\/#organization\",\"name\":\"Precura\",\"url\":\"https:\\\/\\\/www.precura.be\\\/\",\"logo\":{\"@type\":\"ImageObject\",\"inLanguage\":\"fr-FR\",\"@id\":\"https:\\\/\\\/www.precura.be\\\/#\\\/schema\\\/logo\\\/image\\\/\",\"url\":\"https:\\\/\\\/www.precura.be\\\/wp-content\\\/uploads\\\/2020\\\/09\\\/Precura-logo.svg\",\"contentUrl\":\"https:\\\/\\\/www.precura.be\\\/wp-content\\\/uploads\\\/2020\\\/09\\\/Precura-logo.svg\",\"width\":142,\"height\":66,\"caption\":\"Precura\"},\"image\":{\"@id\":\"https:\\\/\\\/www.precura.be\\\/#\\\/schema\\\/logo\\\/image\\\/\"}}]}<\/script>\n<!-- \/ Yoast SEO plugin. -->","yoast_head_json":{"title":"Nos produits - Precura","robots":{"index":"index","follow":"follow","max-snippet":"max-snippet:-1","max-image-preview":"max-image-preview:large","max-video-preview":"max-video-preview:-1"},"canonical":"https:\/\/www.precura.be\/fr\/nos-produits\/","og_locale":"fr_FR","og_type":"article","og_title":"Nos produits - Precura","og_description":"Des assurances collectives et individuelles adapt\u00e9es \u00e0 votre profession.Professions juridiques Avocat, notaire, huissier de justice ou candidat huissier ? Votre famille et vous m\u00e9ritez une tranquillit\u00e9 financi\u00e8re,\u00a0 si vous ne pouvez plus travailler suite \u00e0 une maladie ou un accident.D\u00e9couvrezProfessions m\u00e9dicales S'engager chaque jour \u00e0 100% pour la sant\u00e9 d'autrui peut parfois peser sur votre [&hellip;]","og_url":"https:\/\/www.precura.be\/fr\/nos-produits\/","og_site_name":"Precura","article_modified_time":"2022-01-07T15:56:18+00:00","twitter_card":"summary_large_image","twitter_misc":{"Dur\u00e9e de lecture estim\u00e9e":"4 minutes"},"schema":{"@context":"https:\/\/schema.org","@graph":[{"@type":"WebPage","@id":"https:\/\/www.precura.be\/fr\/nos-produits\/","url":"https:\/\/www.precura.be\/fr\/nos-produits\/","name":"Nos produits - Precura","isPartOf":{"@id":"https:\/\/www.precura.be\/#website"},"datePublished":"2020-11-05T08:48:27+00:00","dateModified":"2022-01-07T15:56:18+00:00","breadcrumb":{"@id":"https:\/\/www.precura.be\/fr\/nos-produits\/#breadcrumb"},"inLanguage":"fr-FR","potentialAction":[{"@type":"ReadAction","target":["https:\/\/www.precura.be\/fr\/nos-produits\/"]}]},{"@type":"BreadcrumbList","@id":"https:\/\/www.precura.be\/fr\/nos-produits\/#breadcrumb","itemListElement":[{"@type":"ListItem","position":1,"name":"Home","item":"https:\/\/www.precura.be\/"},{"@type":"ListItem","position":2,"name":"Nos produits"}]},{"@type":"WebSite","@id":"https:\/\/www.precura.be\/#website","url":"https:\/\/www.precura.be\/","name":"Precura","description":"Precura est un partenaire fiable et exp\u00e9riment\u00e9 qui propose des assurances individuelles et collectives revenu garanti aux professions lib\u00e9rales. De quoi profiter d\u2019une tranquillit\u00e9 financi\u00e8re tout au long de votre carri\u00e8re.","publisher":{"@id":"https:\/\/www.precura.be\/#organization"},"potentialAction":[{"@type":"SearchAction","target":{"@type":"EntryPoint","urlTemplate":"https:\/\/www.precura.be\/?s={search_term_string}"},"query-input":{"@type":"PropertyValueSpecification","valueRequired":true,"valueName":"search_term_string"}}],"inLanguage":"fr-FR"},{"@type":"Organization","@id":"https:\/\/www.precura.be\/#organization","name":"Precura","url":"https:\/\/www.precura.be\/","logo":{"@type":"ImageObject","inLanguage":"fr-FR","@id":"https:\/\/www.precura.be\/#\/schema\/logo\/image\/","url":"https:\/\/www.precura.be\/wp-content\/uploads\/2020\/09\/Precura-logo.svg","contentUrl":"https:\/\/www.precura.be\/wp-content\/uploads\/2020\/09\/Precura-logo.svg","width":142,"height":66,"caption":"Precura"},"image":{"@id":"https:\/\/www.precura.be\/#\/schema\/logo\/image\/"}}]}},"_links":{"self":[{"href":"https:\/\/www.precura.be\/fr\/wp-json\/wp\/v2\/pages\/1173","targetHints":{"allow":["GET"]}}],"collection":[{"href":"https:\/\/www.precura.be\/fr\/wp-json\/wp\/v2\/pages"}],"about":[{"href":"https:\/\/www.precura.be\/fr\/wp-json\/wp\/v2\/types\/page"}],"author":[{"embeddable":true,"href":"https:\/\/www.precura.be\/fr\/wp-json\/wp\/v2\/users\/9"}],"replies":[{"embeddable":true,"href":"https:\/\/www.precura.be\/fr\/wp-json\/wp\/v2\/comments?post=1173"}],"version-history":[{"count":21,"href":"https:\/\/www.precura.be\/fr\/wp-json\/wp\/v2\/pages\/1173\/revisions"}],"predecessor-version":[{"id":3350,"href":"https:\/\/www.precura.be\/fr\/wp-json\/wp\/v2\/pages\/1173\/revisions\/3350"}],"wp:attachment":[{"href":"https:\/\/www.precura.be\/fr\/wp-json\/wp\/v2\/media?parent=1173"}],"curies":[{"name":"wp","href":"https:\/\/api.w.org\/{rel}","templated":true}]}}